{"id":286,"date":"2019-02-04T13:13:35","date_gmt":"2019-02-04T13:13:35","guid":{"rendered":"http:\/\/hundeschule-stein.de\/?page_id=286"},"modified":"2026-01-04T13:09:15","modified_gmt":"2026-01-04T13:09:15","slug":"unsere-partner","status":"publish","type":"page","link":"https:\/\/hundeschule-stein.de\/?page_id=286","title":{"rendered":"Links"},"content":{"rendered":"<p>[et_pb_section fb_built=&#8220;1&#8243; _builder_version=&#8220;3.19.10&#8243;][et_pb_row _builder_version=&#8220;3.19.10&#8243;][et_pb_column type=&#8220;4_4&#8243; _builder_version=&#8220;3.19.10&#8243; parallax=&#8220;off&#8220; parallax_method=&#8220;on&#8220;][et_pb_text _builder_version=&#8220;3.19.10&#8243; header_2_font=&#8220;||||||||&#8220; header_2_font_size=&#8220;45px&#8220; header_2_font_size_tablet=&#8220;40px&#8220; header_2_font_size_phone=&#8220;30px&#8220; header_2_font_size_last_edited=&#8220;on|phone&#8220;]<\/p>\n<h2>Links<\/h2>\n<p>[\/et_pb_text][\/et_pb_column][\/et_pb_row][et_pb_row _builder_version=&#8220;3.19.10&#8243;][et_pb_column type=&#8220;4_4&#8243; _builder_version=&#8220;3.19.10&#8243; parallax=&#8220;off&#8220; parallax_method=&#8220;on&#8220;][et_pb_divider _builder_version=&#8220;3.19.10&#8243;][\/et_pb_divider][\/et_pb_column][\/et_pb_row][et_pb_row _builder_version=&#8220;3.19.10&#8243;][et_pb_column type=&#8220;1_2&#8243; _builder_version=&#8220;3.19.10&#8243; parallax=&#8220;off&#8220; parallax_method=&#8220;on&#8220;][et_pb_image src=&#8220;http:\/\/hundeschule-stein.de\/wp-content\/uploads\/2019\/02\/kristallschloessle2.gif&#8220; url=&#8220;http:\/\/www.kristallschloessle.de&#8220; _builder_version=&#8220;3.19.10&#8243;][\/et_pb_image][\/et_pb_column][et_pb_column type=&#8220;1_2&#8243; _builder_version=&#8220;3.19.10&#8243; parallax=&#8220;off&#8220; parallax_method=&#8220;on&#8220;][et_pb_text _builder_version=&#8220;3.19.10&#8243; link_option_url=&#8220;http:\/\/www.kristallschloessle.de&#8220;]<\/p>\n<h3>Kristallschl\u00f6ssle<\/h3>\n<h3>unsere eigene Hundezucht.<\/h3>\n<p>[\/et_pb_text][\/et_pb_column][\/et_pb_row][et_pb_row _builder_version=&#8220;3.19.10&#8243;][et_pb_column type=&#8220;4_4&#8243; _builder_version=&#8220;3.19.10&#8243; parallax=&#8220;off&#8220; parallax_method=&#8220;on&#8220;][et_pb_divider _builder_version=&#8220;3.19.10&#8243;][\/et_pb_divider][\/et_pb_column][\/et_pb_row][et_pb_row _builder_version=&#8220;3.19.10&#8243;][et_pb_column type=&#8220;1_2&#8243; _builder_version=&#8220;3.19.10&#8243; parallax=&#8220;off&#8220; parallax_method=&#8220;on&#8220;][et_pb_text _builder_version=&#8220;3.19.10&#8243; link_option_url=&#8220;http:\/\/www.vom-altvilstal.de\/index.html&#8220;]<\/p>\n<h3 style=\"text-align: center;\">Wei\u00dfe Schweizer Sch\u00e4ferhunde<\/h3>\n<h3 style=\"text-align: center;\">&#8222;vom Altvilstal&#8220;<\/h3>\n<p>[\/et_pb_text][\/et_pb_column][et_pb_column type=&#8220;1_2&#8243; _builder_version=&#8220;3.19.10&#8243; parallax=&#8220;off&#8220; parallax_method=&#8220;on&#8220;][et_pb_image src=&#8220;http:\/\/hundeschule-stein.de\/wp-content\/uploads\/2019\/02\/customkey.png&#8220; url=&#8220;http:\/\/www.vom-altvilstal.de\/index.html&#8220; _builder_version=&#8220;3.19.10&#8243;][\/et_pb_image][\/et_pb_column][\/et_pb_row][et_pb_row _builder_version=&#8220;3.19.10&#8243;][et_pb_column type=&#8220;4_4&#8243; _builder_version=&#8220;3.19.10&#8243; parallax=&#8220;off&#8220; parallax_method=&#8220;on&#8220;][et_pb_divider _builder_version=&#8220;3.19.10&#8243;][\/et_pb_divider][\/et_pb_column][\/et_pb_row][et_pb_row _builder_version=&#8220;3.19.10&#8243;][et_pb_column type=&#8220;1_2&#8243; _builder_version=&#8220;3.19.10&#8243; parallax=&#8220;off&#8220; parallax_method=&#8220;on&#8220;][\/et_pb_column][et_pb_column type=&#8220;1_2&#8243; _builder_version=&#8220;3.19.10&#8243; parallax=&#8220;off&#8220; parallax_method=&#8220;on&#8220;][et_pb_text _builder_version=&#8220;3.19.10&#8243; link_option_url=&#8220;http:\/\/www.weisserschweizersch\u00e4ferhund.de\/index.php&#8220;]<\/p>\n<h3>Zuchtst\u00e4tte &#8222;of white happiness&#8220;<\/h3>\n<p>[\/et_pb_text][\/et_pb_column][\/et_pb_row][et_pb_row _builder_version=&#8220;3.19.10&#8243;][et_pb_column type=&#8220;4_4&#8243; _builder_version=&#8220;3.19.10&#8243; parallax=&#8220;off&#8220; parallax_method=&#8220;on&#8220;][et_pb_divider _builder_version=&#8220;3.19.10&#8243;][\/et_pb_divider][\/et_pb_column][\/et_pb_row][et_pb_row _builder_version=&#8220;3.19.10&#8243;][et_pb_column type=&#8220;1_2&#8243; _builder_version=&#8220;3.19.10&#8243; parallax=&#8220;off&#8220; parallax_method=&#8220;on&#8220;][et_pb_text _builder_version=&#8220;3.19.10&#8243; link_option_url=&#8220;http:\/\/alte-noris.de&#8220;]<\/p>\n<h3 style=\"text-align: center;\">Border Collies &amp; old english Sheepdogs<\/h3>\n<p>[\/et_pb_text][\/et_pb_column][et_pb_column type=&#8220;1_2&#8243; _builder_version=&#8220;3.19.10&#8243; parallax=&#8220;off&#8220; parallax_method=&#8220;on&#8220;][et_pb_image src=&#8220;http:\/\/hundeschule-stein.de\/wp-content\/uploads\/2019\/02\/colli.png&#8220; url=&#8220;http:\/\/alte-noris.de&#8220; _builder_version=&#8220;3.19.10&#8243;][\/et_pb_image][\/et_pb_column][\/et_pb_row][et_pb_row _builder_version=&#8220;3.19.10&#8243;][et_pb_column type=&#8220;4_4&#8243; _builder_version=&#8220;3.19.10&#8243; parallax=&#8220;off&#8220; parallax_method=&#8220;on&#8220;][et_pb_divider _builder_version=&#8220;3.19.10&#8243;][\/et_pb_divider][\/et_pb_column][\/et_pb_row][et_pb_row _builder_version=&#8220;3.19.10&#8243;][et_pb_column type=&#8220;1_2&#8243; _builder_version=&#8220;3.19.10&#8243; parallax=&#8220;off&#8220; parallax_method=&#8220;on&#8220;]<\/p>\n<p>[\/et_pb_column][\/et_pb_row][et_pb_row _builder_version=&#8220;3.19.10&#8243;][et_pb_column type=&#8220;4_4&#8243; _builder_version=&#8220;3.19.10&#8243; parallax=&#8220;off&#8220; parallax_method=&#8220;on&#8220;][et_pb_divider _builder_version=&#8220;3.19.10&#8243;][\/et_pb_divider][\/et_pb_column][\/et_pb_row][et_pb_row _builder_version=&#8220;3.19.10&#8243;][et_pb_column type=&#8220;1_2&#8243; _builder_version=&#8220;3.19.10&#8243; parallax=&#8220;off&#8220; parallax_method=&#8220;on&#8220;][et_pb_text _builder_version=&#8220;3.19.10&#8243; link_option_url=&#8220;https:\/\/www.lgbayern.info\/1_vorsitzender.html&#8220;]<\/p>\n<h3 class=\"csc-firstHeader\" style=\"text-align: center;\">Landesgruppe Bayern im BCD<\/h3>\n<p>[\/et_pb_text][\/et_pb_column][et_pb_column type=&#8220;1_2&#8243; _builder_version=&#8220;3.19.10&#8243; parallax=&#8220;off&#8220; parallax_method=&#8220;on&#8220;][et_pb_image src=&#8220;http:\/\/hundeschule-stein.de\/wp-content\/uploads\/2019\/02\/Landesgruppe.png&#8220; url=&#8220;https:\/\/www.lgbayern.info\/der-verein.html&#8220; _builder_version=&#8220;3.19.10&#8243;][\/et_pb_image][\/et_pb_column][\/et_pb_row][et_pb_row _builder_version=&#8220;3.19.10&#8243;][et_pb_column type=&#8220;4_4&#8243; _builder_version=&#8220;3.19.10&#8243; parallax=&#8220;off&#8220; parallax_method=&#8220;on&#8220;][et_pb_divider _builder_version=&#8220;3.19.10&#8243;][\/et_pb_divider][\/et_pb_column][\/et_pb_row][et_pb_row _builder_version=&#8220;3.19.10&#8243;][et_pb_column type=&#8220;1_2&#8243; _builder_version=&#8220;3.19.10&#8243; parallax=&#8220;off&#8220; parallax_method=&#8220;on&#8220;][et_pb_image src=&#8220;http:\/\/hundeschule-stein.de\/wp-content\/uploads\/2019\/02\/Hundepension.jpg&#8220; url=&#8220;http:\/\/www.die-hunde-pension.de&#8220; _builder_version=&#8220;3.19.10&#8243;][\/et_pb_image][\/et_pb_column][et_pb_column type=&#8220;1_2&#8243; _builder_version=&#8220;3.19.10&#8243; parallax=&#8220;off&#8220; parallax_method=&#8220;on&#8220;][et_pb_text _builder_version=&#8220;3.19.10&#8243; link_option_url=&#8220;http:\/\/www.die-hunde-pension.de&#8220;]<\/p>\n<h3 class=\"csc-firstHeader\" style=\"text-align: center;\">Ernst und Nate\u00b4s<\/h3>\n<h3 style=\"text-align: center;\">Hundepension Hersbruck<\/h3>\n<p>[\/et_pb_text][\/et_pb_column][\/et_pb_row][et_pb_row _builder_version=&#8220;3.19.10&#8243;][et_pb_column type=&#8220;4_4&#8243; _builder_version=&#8220;3.19.10&#8243; parallax=&#8220;off&#8220; parallax_method=&#8220;on&#8220;][et_pb_divider _builder_version=&#8220;3.19.10&#8243;][\/et_pb_divider][\/et_pb_column][\/et_pb_row][et_pb_row _builder_version=&#8220;3.19.10&#8243;][et_pb_column type=&#8220;1_2&#8243; _builder_version=&#8220;3.19.10&#8243; parallax=&#8220;off&#8220; parallax_method=&#8220;on&#8220;][et_pb_text _builder_version=&#8220;3.19.10&#8243; link_option_url=&#8220;http:\/\/www.la-doctoressa.de\/Tierarzt-Tieraerztin-Nuernberg-Fuerth-Schwabach-Stein.htm&#8220;]<\/p>\n<p>[\/et_pb_text][\/et_pb_column][et_pb_column type=&#8220;1_2&#8243; _builder_version=&#8220;3.19.10&#8243; parallax=&#8220;off&#8220; parallax_method=&#8220;on&#8220;][\/et_pb_column][\/et_pb_row][et_pb_row _builder_version=&#8220;3.19.10&#8243;][et_pb_column type=&#8220;4_4&#8243; _builder_version=&#8220;3.19.10&#8243; parallax=&#8220;off&#8220; parallax_method=&#8220;on&#8220;][et_pb_divider _builder_version=&#8220;3.19.10&#8243;][\/et_pb_divider][\/et_pb_column][\/et_pb_row][et_pb_row _builder_version=&#8220;3.19.10&#8243;][et_pb_column type=&#8220;1_2&#8243; _builder_version=&#8220;3.19.10&#8243; parallax=&#8220;off&#8220; parallax_method=&#8220;on&#8220;][et_pb_image src=&#8220;http:\/\/hundeschule-stein.de\/wp-content\/uploads\/2019\/02\/Tirol.gif&#8220; url=&#8220;https:\/\/www.weisse-schaeferhunde-von-tirol.com&#8220; _builder_version=&#8220;3.19.10&#8243;][\/et_pb_image][\/et_pb_column][et_pb_column type=&#8220;1_2&#8243; _builder_version=&#8220;3.19.10&#8243; parallax=&#8220;off&#8220; parallax_method=&#8220;on&#8220;][et_pb_text _builder_version=&#8220;3.19.10&#8243; header_font=&#8220;||||||||&#8220; header_5_font=&#8220;||||||||&#8220; header_5_font_size=&#8220;15px&#8220; header_5_line_height=&#8220;1.2em&#8220; link_option_url=&#8220;https:\/\/www.weisse-schaeferhunde-von-tirol.com&#8220;]<\/p>\n<h3>Wei\u00dfe Sch\u00e4ferhunde<\/h3>\n<h3>von Tirol<\/h3>\n<h3>(Berger Blanc Suisse)<\/h3>\n<h1 class=\"csc-firstHeader\"><\/h1>\n<p>[\/et_pb_text][\/et_pb_column][\/et_pb_row][et_pb_row _builder_version=&#8220;3.19.10&#8243;][et_pb_column type=&#8220;4_4&#8243; _builder_version=&#8220;3.19.10&#8243; parallax=&#8220;off&#8220; parallax_method=&#8220;on&#8220;][et_pb_divider _builder_version=&#8220;3.19.10&#8243;][\/et_pb_divider][\/et_pb_column][\/et_pb_row][et_pb_row _builder_version=&#8220;3.19.10&#8243;][et_pb_column type=&#8220;1_2&#8243; _builder_version=&#8220;3.19.10&#8243; parallax=&#8220;off&#8220; parallax_method=&#8220;on&#8220;][et_pb_text _builder_version=&#8220;3.19.10&#8243; header_font=&#8220;||||||||&#8220; header_3_font=&#8220;||||||||&#8220; header_3_line_height=&#8220;1.8em&#8220; header_5_font=&#8220;||||||||&#8220; header_5_font_size=&#8220;15px&#8220; header_5_line_height=&#8220;1.2em&#8220; link_option_url=&#8220;http:\/\/www.waldhof-ungarnurlaub.de&#8220;]<\/p>\n<h3>Wohlf\u00fchl-Ferienh\u00e4usern<\/h3>\n<h3>Alle unsere Ferienh\u00e4user sind hundefreundlich und wir freuen uns auf Ihre\/n vierbeinigen Freund\/e!<\/h3>\n<h3><\/h3>\n<p>[\/et_pb_text][\/et_pb_column][et_pb_column type=&#8220;1_2&#8243; _builder_version=&#8220;3.19.10&#8243; parallax=&#8220;off&#8220; parallax_method=&#8220;on&#8220;][et_pb_image src=&#8220;http:\/\/hundeschule-stein.de\/wp-content\/uploads\/2019\/02\/Waldhof_Banner_resize.gif&#8220; url=&#8220;http:\/\/www.waldhof-ungarnurlaub.de&#8220; _builder_version=&#8220;3.19.10&#8243;][\/et_pb_image][\/et_pb_column][\/et_pb_row][et_pb_row _builder_version=&#8220;3.19.10&#8243;][et_pb_column type=&#8220;4_4&#8243; _builder_version=&#8220;3.19.10&#8243; parallax=&#8220;off&#8220; parallax_method=&#8220;on&#8220;][et_pb_divider _builder_version=&#8220;3.19.10&#8243;][\/et_pb_divider][\/et_pb_column][\/et_pb_row][et_pb_row _builder_version=&#8220;3.19.10&#8243;][et_pb_column type=&#8220;4_4&#8243; _builder_version=&#8220;3.19.10&#8243; parallax=&#8220;off&#8220; parallax_method=&#8220;on&#8220;][et_pb_text _builder_version=&#8220;3.19.10&#8243;]<\/p>\n<p><strong>Haftung f\u00fcr Links<\/strong><\/p>\n<p>Unser Angebot enth\u00e4lt Links zu externen Webseiten Dritter, auf deren Inhalte wir keinen Einfluss haben. Deshalb k\u00f6nnen wir f\u00fcr diese fremden Inhalte auch keine Gew\u00e4hr \u00fcbernehmen. F\u00fcr die Inhalte der verlinkten Seiten ist stets der jeweilige Anbieter oder Betreiber der Seiten verantwortlich. Die verlinkten Seiten wurden zum Zeitpunkt der Verlinkung auf m\u00f6gliche Rechtsverst\u00f6\u00dfe \u00fcberpr\u00fcft. Rechtswidrige Inhalte waren zum Zeitpunkt der Verlinkung nicht erkennbar. Eine permanente inhaltliche Kontrolle der verlinkten Seiten ist jedoch ohne konkrete Anhaltspunkte einer Rechtsverletzung nicht zumutbar. Bei Bekanntwerden von Rechtsverletzungen werden wir derartige Links umgehend entfernen.<\/p>\n<p>[\/et_pb_text][\/et_pb_column][\/et_pb_row][\/et_pb_section]<\/p>\n","protected":false},"excerpt":{"rendered":"<p>Links Kristallschl\u00f6ssle unsere eigene Hundezucht. Wei\u00dfe Schweizer Sch\u00e4ferhunde &#8222;vom Altvilstal&#8220; Zuchtst\u00e4tte &#8222;of white happiness&#8220; Border Collies &amp; old english Sheepdogs Landesgruppe Bayern im BCD Ernst und Nate\u00b4s Hundepension Hersbruck Wei\u00dfe Sch\u00e4ferhunde von Tirol (Berger Blanc Suisse) Wohlf\u00fchl-Ferienh\u00e4usern Alle unsere Ferienh\u00e4user sind hundefreundlich und wir freuen uns auf Ihre\/n vierbeinigen Freund\/e! Haftung f\u00fcr Links Unser Angebot [&hellip;]<\/p>\n","protected":false},"author":1,"featured_media":0,"parent":0,"menu_order":0,"comment_status":"closed","ping_status":"closed","template":"","meta":{"_et_pb_use_builder":"on","_et_pb_old_content":"","_et_gb_content_width":"","footnotes":""},"class_list":["post-286","page","type-page","status-publish","hentry"],"_links":{"self":[{"href":"https:\/\/hundeschule-stein.de\/index.php?rest_route=\/wp\/v2\/pages\/286","targetHints":{"allow":["GET"]}}],"collection":[{"href":"https:\/\/hundeschule-stein.de\/index.php?rest_route=\/wp\/v2\/pages"}],"about":[{"href":"https:\/\/hundeschule-stein.de\/index.php?rest_route=\/wp\/v2\/types\/page"}],"author":[{"embeddable":true,"href":"https:\/\/hundeschule-stein.de\/index.php?rest_route=\/wp\/v2\/users\/1"}],"replies":[{"embeddable":true,"href":"https:\/\/hundeschule-stein.de\/index.php?rest_route=%2Fwp%2Fv2%2Fcomments&post=286"}],"version-history":[{"count":38,"href":"https:\/\/hundeschule-stein.de\/index.php?rest_route=\/wp\/v2\/pages\/286\/revisions"}],"predecessor-version":[{"id":805,"href":"https:\/\/hundeschule-stein.de\/index.php?rest_route=\/wp\/v2\/pages\/286\/revisions\/805"}],"wp:attachment":[{"href":"https:\/\/hundeschule-stein.de\/index.php?rest_route=%2Fwp%2Fv2%2Fmedia&parent=286"}],"curies":[{"name":"wp","href":"https:\/\/api.w.org\/{rel}","templated":true}]}}